{"id":15,"date":"2026-01-24T10:01:32","date_gmt":"2026-01-24T10:01:32","guid":{"rendered":"https:\/\/unpaseoporelborne.com\/?page_id=15"},"modified":"2026-01-31T06:24:31","modified_gmt":"2026-01-31T06:24:31","slug":"equipo-tecnico","status":"publish","type":"page","link":"https:\/\/unpaseoporelborne.com\/en\/equipo-tecnico\/","title":{"rendered":"CREW"},"content":{"rendered":"<p>[et_pb_section fb_built=\u00bb1&#8243; _builder_version=\u00bb4.27.5&#8243; _module_preset=\u00bbdefault\u00bb global_colors_info=\u00bb{}\u00bb][et_pb_row _builder_version=\u00bb4.27.5&#8243; _module_preset=\u00bbdefault\u00bb global_colors_info=\u00bb{}\u00bb][et_pb_column type=\u00bb4_4&#8243; _builder_version=\u00bb4.27.5&#8243; _module_preset=\u00bbdefault\u00bb global_colors_info=\u00bb{}\u00bb][et_pb_image src=\u00bbhttps:\/\/unpaseoporelborne.com\/wp-content\/uploads\/2026\/01\/PaseoBorne-DSCF5177-BTS-PMI-copia.jpg\u00bb title_text=\u00bbPaseoBorne-DSCF5177-BTS-PMI copia\u00bb _builder_version=\u00bb4.27.5&#8243; _module_preset=\u00bbdefault\u00bb global_colors_info=\u00bb{}\u00bb][\/et_pb_image][et_pb_text _builder_version=\u00bb4.27.5&#8243; _module_preset=\u00bbdefault\u00bb global_colors_info=\u00bb{}\u00bb]<\/p>\n<h1 style=\"text-align: center;\"><strong>CREW<\/strong><\/h1>\n<p>[\/et_pb_text][et_pb_text _builder_version=\u00bb4.27.5&#8243; _module_preset=\u00bbdefault\u00bb global_colors_info=\u00bb{}\u00bb]<\/p>\n<p class=\"p1\" style=\"text-align: center;\">Directed by<span class=\"Apple-converted-space\">\u00a0<span class=\"Apple-tab-span\"> <\/span><\/span>NICK IGEA<\/p>\n<p class=\"p2\" style=\"text-align: center;\">\n<p class=\"p1\" style=\"text-align: center;\">Written by<span class=\"Apple-converted-space\">\u00a0<span class=\"Apple-tab-span\"> <\/span><span class=\"Apple-tab-span\"> <\/span><\/span>NICK IGEA. ELIO QUIROGA. ZEBINA GUERRA<\/p>\n<p class=\"p2\" style=\"text-align: center;\">\n<p class=\"p1\" style=\"text-align: center;\">Produced by\u00a0 ELISA SALDA\u00d1A. NICK IGEA. ISABEL LAHUERTA BELLIDO. \u00d3SCAR FUENTE. DIEGO RODR\u00cdGUEZ. \u00c1NGELA BOSCH<\/p>\n<p class=\"p4\" style=\"text-align: center;\">\n<p class=\"p3\" style=\"text-align: center;\">Executive Producer.  ELISA SALDA\u00d1A<\/p>\n<p class=\"p5\" style=\"text-align: center;\">\n<p class=\"p3\" style=\"text-align: center;\">Director of Photography.\u00a0 ADOLFO MORALES<\/p>\n<p class=\"p5\" style=\"text-align: center;\">\n<p class=\"p3\" style=\"text-align: center;\">Edited by  AZUCENA BA\u00d1OS, AMAE<\/p>\n<p class=\"p5\" style=\"text-align: center;\">\n<p class=\"p3\" style=\"text-align: center;\">Original Music.  MIQUEL \u00c0NGEL AGUIL\u00d3<\/p>\n<p class=\"p5\" style=\"text-align: center;\">\n<p class=\"p3\" style=\"text-align: center;\">Casting Director.\u00a0 LUCI LENOX<\/p>\n<p class=\"p5\" style=\"text-align: center;\">\n<p class=\"p3\" style=\"text-align: center;\">Wardrobe Designer. MARIANTONIA SAMPOL<\/p>\n<p class=\"p5\" style=\"text-align: center;\">\n<p class=\"p3\" style=\"text-align: center;\">Production Designer.  JOANA GINART<\/p>\n<p class=\"p5\" style=\"text-align: center;\">\n<p class=\"p3\" style=\"text-align: center;\">Sound.  EDUARD ROSA.\u00a0 JOSE IGNACIO ARRUFAT (APSA)<\/p>\n<p class=\"p5\" style=\"text-align: center;\">\n<p class=\"p3\" style=\"text-align: center;\">Make up &amp; Hair Dresser Mallorca.  ISABEL ESTEBAN<\/p>\n<p class=\"p5\" style=\"text-align: center;\">\n<p class=\"p3\" style=\"text-align: center;\">Make up &amp; Hair Dresser Madrid.  SARA HERRAIZ<\/p>\n<p class=\"p5\" style=\"text-align: center;\">\n<p class=\"p3\" style=\"text-align: center;\">Location Manager Mallorca.  LUC\u00cdA FIGAROLA<\/p>\n<p class=\"p5\" style=\"text-align: center;\">\n<p class=\"p3\" style=\"text-align: center;\">Location Manager Madrid.  MANU G. SIMANCAS<\/p>\n<p class=\"p5\" style=\"text-align: center;\">\n<p class=\"p3\" style=\"text-align: center;\">Assistant Director.  LAURA ARROM<\/p>\n<p class=\"p5\" style=\"text-align: center;\">\n<p class=\"p3\" style=\"text-align: center;\">1st AC.  XIAOMEI ESPIRO<\/p>\n<p class=\"p5\" style=\"text-align: center;\">\n<p class=\"p3\" style=\"text-align: center;\">VFX.\u00a0 JOSEP ANTONI RIBAS<\/p>\n<p>[\/et_pb_text][\/et_pb_column][\/et_pb_row][\/et_pb_section]<\/p>","protected":false},"excerpt":{"rendered":"<p>EQUIPO T\u00c9CNICODirecci\u00f3n.\u00a0 NICK IGEA Guion.\u00a0 NICK IGEA. ELIO QUIROGA. ZEBINA GUERRA Producci\u00f3n.\u00a0 ELISA SALDA\u00d1A. NICK IGEA. ISABEL LAHUERTA BELLIDO. \u00d3SCAR FUENTE. DIEGO RODR\u00cdGUEZ. \u00c1NGELA BOSCH Producci\u00f3n Ejecutiva.\u00a0 ELISA SALDA\u00d1A Director de Fotograf\u00eda.\u00a0 ADOLFO MORALES Montaje.\u00a0 AZUCENA BA\u00d1OS, AMAE M\u00fasica.\u00a0 MIQUEL \u00c0NGEL AGUIL\u00d3 Direcci\u00f3n de Casting.\u00a0 LUCI LENOX Vestuario.\u00a0 MARIANTONIA SAMPOL Direcci\u00f3n de Arte.\u00a0 JOANA GINART [&hellip;]<\/p>","protected":false},"author":1,"featured_media":0,"parent":0,"menu_order":0,"comment_status":"closed","ping_status":"closed","template":"","meta":{"_et_pb_use_builder":"on","_et_pb_old_content":"<!-- wp:divi\/placeholder \/-->","_et_gb_content_width":"","footnotes":""},"class_list":["post-15","page","type-page","status-publish","hentry"],"aioseo_notices":[],"_hostinger_reach_plugin_has_subscription_block":false,"_hostinger_reach_plugin_is_elementor":false,"_links":{"self":[{"href":"https:\/\/unpaseoporelborne.com\/en\/wp-json\/wp\/v2\/pages\/15","targetHints":{"allow":["GET"]}}],"collection":[{"href":"https:\/\/unpaseoporelborne.com\/en\/wp-json\/wp\/v2\/pages"}],"about":[{"href":"https:\/\/unpaseoporelborne.com\/en\/wp-json\/wp\/v2\/types\/page"}],"author":[{"embeddable":true,"href":"https:\/\/unpaseoporelborne.com\/en\/wp-json\/wp\/v2\/users\/1"}],"replies":[{"embeddable":true,"href":"https:\/\/unpaseoporelborne.com\/en\/wp-json\/wp\/v2\/comments?post=15"}],"version-history":[{"count":5,"href":"https:\/\/unpaseoporelborne.com\/en\/wp-json\/wp\/v2\/pages\/15\/revisions"}],"predecessor-version":[{"id":206,"href":"https:\/\/unpaseoporelborne.com\/en\/wp-json\/wp\/v2\/pages\/15\/revisions\/206"}],"wp:attachment":[{"href":"https:\/\/unpaseoporelborne.com\/en\/wp-json\/wp\/v2\/media?parent=15"}],"curies":[{"name":"wp","href":"https:\/\/api.w.org\/{rel}","templated":true}]}}