{"id":17,"date":"2026-01-24T10:02:09","date_gmt":"2026-01-24T10:02:09","guid":{"rendered":"https:\/\/unpaseoporelborne.com\/?page_id=17"},"modified":"2026-01-31T18:25:39","modified_gmt":"2026-01-31T18:25:39","slug":"home","status":"publish","type":"page","link":"https:\/\/unpaseoporelborne.com\/en\/","title":{"rendered":"HOME"},"content":{"rendered":"<p>[et_pb_section fb_built=\u00bb1&#8243; _builder_version=\u00bb4.27.5&#8243; _module_preset=\u00bbdefault\u00bb global_colors_info=\u00bb{}\u00bb][et_pb_row _builder_version=\u00bb4.27.5&#8243; _module_preset=\u00bbdefault\u00bb global_colors_info=\u00bb{}\u00bb][et_pb_column type=\u00bb4_4&#8243; _builder_version=\u00bb4.27.5&#8243; _module_preset=\u00bbdefault\u00bb global_colors_info=\u00bb{}\u00bb][et_pb_image src=\u00bbhttps:\/\/unpaseoporelborne.com\/wp-content\/uploads\/2026\/01\/UPPEB_Poster_Espanol.jpeg\u00bb title_text=\u00bbUPPEB_Po\u0301ster_Espan\u0303ol\u00bb align=\u00bbcenter\u00bb _builder_version=\u00bb4.27.5&#8243; _module_preset=\u00bbdefault\u00bb width=\u00bb41%\u00bb width_tablet=\u00bb44%\u00bb width_phone=\u00bb44%\u00bb width_last_edited=\u00bbon|phone\u00bb max_width=\u00bb42%\u00bb max_width_tablet=\u00bb46%\u00bb max_width_phone=\u00bb48%\u00bb max_width_last_edited=\u00bbon|desktop\u00bb global_colors_info=\u00bb{}\u00bb][\/et_pb_image][et_pb_text _builder_version=\u00bb4.27.5&#8243; _module_preset=\u00bbdefault\u00bb global_colors_info=\u00bb{}\u00bb]<\/p>\n<h2 style=\"text-align: center;\"><span>The students taking an insignificant film course, in a small city, have the dream of making movies. Their teacher, somebody who once sailed and wrecked that same objective, doesn \u0301t want to get involved in their dreams so that they don \u0301t end up like him today: a failure.\u00a0<\/span><\/h2>\n<p>[\/et_pb_text][et_pb_video src=\u00bbhttps:\/\/youtu.be\/hw5MJKdexSo?si=eqhXdd-7x2pnOC8h\u00bb _builder_version=\u00bb4.27.5&#8243; _module_preset=\u00bbdefault\u00bb global_colors_info=\u00bb{}\u00bb][\/et_pb_video][et_pb_button button_url=\u00bbhttps:\/\/www.primevideo.com\/region\/eu\/detail\/0QDZWA9WGQBVIH0K3ZNNAJNNEL\/ref=atv_sr_fle_c_sr64ce3f_pvsearchresults_1_1&#8243; url_new_window=\u00bbon\u00bb button_text=\u00bbVER LA PEL\u00cdCULA EN AMAZON\u00bb button_alignment=\u00bbcenter\u00bb _builder_version=\u00bb4.27.5&#8243; _module_preset=\u00bbdefault\u00bb global_colors_info=\u00bb{}\u00bb][\/et_pb_button][et_pb_text _builder_version=\u00bb4.27.5&#8243; _module_preset=\u00bbdefault\u00bb global_colors_info=\u00bb{}\u00bb]<\/p>\n<h1 style=\"text-align: center;\"><strong>40 INTERNATIONAL AWARDS<\/strong><\/h1>\n<p>[\/et_pb_text][\/et_pb_column][\/et_pb_row][et_pb_row column_structure=\u00bb1_6,1_6,1_6,1_6,1_6,1_6&#8243; _builder_version=\u00bb4.27.5&#8243; _module_preset=\u00bbdefault\u00bb global_colors_info=\u00bb{}\u00bb][et_pb_column type=\u00bb1_6&#8243; _builder_version=\u00bb4.27.5&#8243; _module_preset=\u00bbdefault\u00bb global_colors_info=\u00bb{}\u00bb][et_pb_image src=\u00bbhttps:\/\/unpaseoporelborne.com\/wp-content\/uploads\/2026\/01\/BRIGHTLIGHT-AWARD.001.jpeg\u00bb title_text=\u00bbBRIGHTLIGHT AWARD.001&#8243; _builder_version=\u00bb4.27.5&#8243; _module_preset=\u00bbdefault\u00bb global_colors_info=\u00bb{}\u00bb][\/et_pb_image][\/et_pb_column][et_pb_column type=\u00bb1_6&#8243; _builder_version=\u00bb4.27.5&#8243; _module_preset=\u00bbdefault\u00bb global_colors_info=\u00bb{}\u00bb][et_pb_image src=\u00bbhttps:\/\/unpaseoporelborne.com\/wp-content\/uploads\/2026\/01\/HOLLYWOOD-GOLD-AWARDS.003.jpeg\u00bb title_text=\u00bbHOLLYWOOD GOLD AWARDS.003&#8243; _builder_version=\u00bb4.27.5&#8243; _module_preset=\u00bbdefault\u00bb global_colors_info=\u00bb{}\u00bb][\/et_pb_image][\/et_pb_column][et_pb_column type=\u00bb1_6&#8243; _builder_version=\u00bb4.27.5&#8243; _module_preset=\u00bbdefault\u00bb global_colors_info=\u00bb{}\u00bb][et_pb_image src=\u00bbhttps:\/\/unpaseoporelborne.com\/wp-content\/uploads\/2026\/01\/LONDON-FRAMES.001.jpeg\u00bb title_text=\u00bbLONDON FRAMES.001&#8243; _builder_version=\u00bb4.27.5&#8243; _module_preset=\u00bbdefault\u00bb global_colors_info=\u00bb{}\u00bb][\/et_pb_image][\/et_pb_column][et_pb_column type=\u00bb1_6&#8243; _builder_version=\u00bb4.27.5&#8243; _module_preset=\u00bbdefault\u00bb global_colors_info=\u00bb{}\u00bb][et_pb_image src=\u00bbhttps:\/\/unpaseoporelborne.com\/wp-content\/uploads\/2026\/01\/KRAKEN.001.jpeg\u00bb title_text=\u00bbKRAKEN.001&#8243; _builder_version=\u00bb4.27.5&#8243; _module_preset=\u00bbdefault\u00bb global_colors_info=\u00bb{}\u00bb][\/et_pb_image][\/et_pb_column][et_pb_column type=\u00bb1_6&#8243; _builder_version=\u00bb4.27.5&#8243; _module_preset=\u00bbdefault\u00bb global_colors_info=\u00bb{}\u00bb][et_pb_image src=\u00bbhttps:\/\/unpaseoporelborne.com\/wp-content\/uploads\/2026\/01\/NYMA-RUTH-GABRIEL-copia.001.jpeg\u00bb title_text=\u00bbNYMA-RUTH GABRIEL copia.001&#8243; _builder_version=\u00bb4.27.5&#8243; _module_preset=\u00bbdefault\u00bb global_colors_info=\u00bb{}\u00bb][\/et_pb_image][\/et_pb_column][et_pb_column type=\u00bb1_6&#8243; _builder_version=\u00bb4.27.5&#8243; _module_preset=\u00bbdefault\u00bb global_colors_info=\u00bb{}\u00bb][et_pb_image src=\u00bbhttps:\/\/unpaseoporelborne.com\/wp-content\/uploads\/2026\/01\/SELMA.001.jpeg\u00bb title_text=\u00bbSELMA.001&#8243; _builder_version=\u00bb4.27.5&#8243; _module_preset=\u00bbdefault\u00bb global_colors_info=\u00bb{}\u00bb][\/et_pb_image][\/et_pb_column][\/et_pb_row][et_pb_row _builder_version=\u00bb4.27.5&#8243; _module_preset=\u00bbdefault\u00bb global_colors_info=\u00bb{}\u00bb][et_pb_column type=\u00bb4_4&#8243; _builder_version=\u00bb4.27.5&#8243; _module_preset=\u00bbdefault\u00bb global_colors_info=\u00bb{}\u00bb][et_pb_button button_url=\u00bbhttp:\/\/www.youtube.com\/@unpaseoporelborne-oficial\u00bb url_new_window=\u00bbon\u00bb button_text=\u00bbIR AL CANAL DE YOUTUBE\u00bb button_alignment=\u00bbcenter\u00bb _builder_version=\u00bb4.27.5&#8243; _module_preset=\u00bbdefault\u00bb global_colors_info=\u00bb{}\u00bb][\/et_pb_button][et_pb_video src=\u00bbhttps:\/\/youtu.be\/Jo3j1YWxI1g?si=2dZ-2SXjpAqeTQ23&#8243; _builder_version=\u00bb4.27.5&#8243; _module_preset=\u00bbdefault\u00bb global_colors_info=\u00bb{}\u00bb][\/et_pb_video][et_pb_text _builder_version=\u00bb4.27.5&#8243; _module_preset=\u00bbdefault\u00bb global_colors_info=\u00bb{}\u00bb]<\/p>\n<h3 style=\"text-align: center;\"><strong>A WALK THROUGH THE PRESS<\/strong><\/h3>\n<p>[\/et_pb_text][\/et_pb_column][\/et_pb_row][et_pb_row column_structure=\u00bb1_4,1_4,1_4,1_4&#8243; _builder_version=\u00bb4.27.5&#8243; _module_preset=\u00bbdefault\u00bb global_colors_info=\u00bb{}\u00bb][et_pb_column type=\u00bb1_4&#8243; _builder_version=\u00bb4.27.5&#8243; _module_preset=\u00bbdefault\u00bb global_colors_info=\u00bb{}\u00bb][et_pb_image src=\u00bbhttps:\/\/unpaseoporelborne.com\/wp-content\/uploads\/2026\/01\/3.UH-Entrevista-Nick-SP.png\u00bb title_text=\u00bb3.UH-Entrevista Nick SP\u00bb url=\u00bbhttps:\/\/www.ultimahora.es\/noticias\/cultura\/2023\/02\/08\/1878103\/rodaje-palma-nick-igea-rueda-palma-primera-pelicula.html\u00bb _builder_version=\u00bb4.27.5&#8243; _module_preset=\u00bbdefault\u00bb global_colors_info=\u00bb{}\u00bb][\/et_pb_image][\/et_pb_column][et_pb_column type=\u00bb1_4&#8243; _builder_version=\u00bb4.27.5&#8243; _module_preset=\u00bbdefault\u00bb global_colors_info=\u00bb{}\u00bb][et_pb_image src=\u00bbhttps:\/\/unpaseoporelborne.com\/wp-content\/uploads\/2026\/01\/9.TVE_.png\u00bb title_text=\u00bb9.TVE\u00bb url=\u00bbhttps:\/\/www.rtve.es\/play\/videos\/dias-de-cine\/dias-cine-paseo-borne\/16199026\/\u00bb _builder_version=\u00bb4.27.5&#8243; _module_preset=\u00bbdefault\u00bb global_colors_info=\u00bb{}\u00bb][\/et_pb_image][\/et_pb_column][et_pb_column type=\u00bb1_4&#8243; _builder_version=\u00bb4.27.5&#8243; _module_preset=\u00bbdefault\u00bb global_colors_info=\u00bb{}\u00bb][et_pb_image src=\u00bbhttps:\/\/unpaseoporelborne.com\/wp-content\/uploads\/2026\/01\/Viena-y-Sidney.png\u00bb title_text=\u00bbViena y Sidney\u00bb url=\u00bbhttps:\/\/www.diariodemallorca.es\/cultura\/2025\/11\/21\/paseo-borne-pelicula-mallorquin-nick-123973702.html\u00bb _builder_version=\u00bb4.27.5&#8243; _module_preset=\u00bbdefault\u00bb global_colors_info=\u00bb{}\u00bb][\/et_pb_image][\/et_pb_column][et_pb_column type=\u00bb1_4&#8243; _builder_version=\u00bb4.27.5&#8243; _module_preset=\u00bbdefault\u00bb global_colors_info=\u00bb{}\u00bb][et_pb_image src=\u00bbhttps:\/\/unpaseoporelborne.com\/wp-content\/uploads\/2026\/01\/Hollywood.png\u00bb _builder_version=\u00bb4.27.5&#8243; _module_preset=\u00bbdefault\u00bb title_text=\u00bbHollywood\u00bb url=\u00bbhttps:\/\/www.ultimahora.es\/noticias\/cultura\/2025\/03\/06\/2339951\/cine-rodolfo-sancho-nick-igea-ganan-hollywoood-por-pelicula-paseo-por-born.html\u00bb hover_enabled=\u00bb0&#8243; sticky_enabled=\u00bb0&#8243;][\/et_pb_image][\/et_pb_column][\/et_pb_row][\/et_pb_section]<\/p>","protected":false},"excerpt":{"rendered":"<p>Un curso de cine sin importancia en una ciudad peque\u00f1a como Palma de Mallorca. Un cineasta fracasado que ser\u00e1 el profesor que lo imparta. Y cinco alumnos de diferentes edades que, con su fuerza y pasi\u00f3n por hacer cine, tratar\u00e1n de que \u00e9ste se involucre y les ayude, algo a lo que \u00e9l se negar\u00e1 [&hellip;]<\/p>","protected":false},"author":1,"featured_media":0,"parent":0,"menu_order":0,"comment_status":"closed","ping_status":"closed","template":"","meta":{"_et_pb_use_builder":"on","_et_pb_old_content":"<!-- wp:divi\/placeholder \/-->","_et_gb_content_width":"","footnotes":""},"class_list":["post-17","page","type-page","status-publish","hentry"],"aioseo_notices":[],"_hostinger_reach_plugin_has_subscription_block":false,"_hostinger_reach_plugin_is_elementor":false,"_links":{"self":[{"href":"https:\/\/unpaseoporelborne.com\/en\/wp-json\/wp\/v2\/pages\/17","targetHints":{"allow":["GET"]}}],"collection":[{"href":"https:\/\/unpaseoporelborne.com\/en\/wp-json\/wp\/v2\/pages"}],"about":[{"href":"https:\/\/unpaseoporelborne.com\/en\/wp-json\/wp\/v2\/types\/page"}],"author":[{"embeddable":true,"href":"https:\/\/unpaseoporelborne.com\/en\/wp-json\/wp\/v2\/users\/1"}],"replies":[{"embeddable":true,"href":"https:\/\/unpaseoporelborne.com\/en\/wp-json\/wp\/v2\/comments?post=17"}],"version-history":[{"count":27,"href":"https:\/\/unpaseoporelborne.com\/en\/wp-json\/wp\/v2\/pages\/17\/revisions"}],"predecessor-version":[{"id":303,"href":"https:\/\/unpaseoporelborne.com\/en\/wp-json\/wp\/v2\/pages\/17\/revisions\/303"}],"wp:attachment":[{"href":"https:\/\/unpaseoporelborne.com\/en\/wp-json\/wp\/v2\/media?parent=17"}],"curies":[{"name":"wp","href":"https:\/\/api.w.org\/{rel}","templated":true}]}}