{"id":25,"date":"2026-01-24T10:05:37","date_gmt":"2026-01-24T10:05:37","guid":{"rendered":"https:\/\/unpaseoporelborne.com\/?page_id=25"},"modified":"2026-01-30T16:10:58","modified_gmt":"2026-01-30T16:10:58","slug":"sobre-el-director","status":"publish","type":"page","link":"https:\/\/unpaseoporelborne.com\/en\/sobre-el-director\/","title":{"rendered":"ABOUT THE DIRECTOR"},"content":{"rendered":"<p>[et_pb_section fb_built=\u00bb1&#8243; _builder_version=\u00bb4.27.5&#8243; _module_preset=\u00bbdefault\u00bb global_colors_info=\u00bb{}\u00bb][et_pb_row _builder_version=\u00bb4.27.5&#8243; _module_preset=\u00bbdefault\u00bb global_colors_info=\u00bb{}\u00bb][et_pb_column type=\u00bb4_4&#8243; _builder_version=\u00bb4.27.5&#8243; _module_preset=\u00bbdefault\u00bb global_colors_info=\u00bb{}\u00bb][et_pb_image src=\u00bbhttps:\/\/unpaseoporelborne.com\/wp-content\/uploads\/2026\/01\/FOTO_DIRECTOR-bn.jpg\u00bb title_text=\u00bbFOTO_DIRECTOR bn\u00bb _builder_version=\u00bb4.27.5&#8243; _module_preset=\u00bbdefault\u00bb global_colors_info=\u00bb{}\u00bb][\/et_pb_image][et_pb_text _builder_version=\u00bb4.27.5&#8243; _module_preset=\u00bbdefault\u00bb global_colors_info=\u00bb{}\u00bb]<\/p>\n<h1 style=\"text-align: center;\"><strong>NICK IGEA<\/strong><\/h1>\n<p>[\/et_pb_text][et_pb_text _builder_version=\u00bb4.27.5&#8243; _module_preset=\u00bbdefault\u00bb hover_enabled=\u00bb0&#8243; global_colors_info=\u00bb{}\u00bb sticky_enabled=\u00bb0&#8243; inline_fonts=\u00bbAbel\u00bb]<\/p>\n<p>Palma de Mallorca, 1974. He studied Acting in various schools and training centers there. In 1992, he moved to Madrid to pursue his university studies and join the film industry. In 1997, he graduated in Audiovisual Communication from the Complutense University of Madrid.<\/p>\n<p>&nbsp;<\/p>\n<p class=\" translation-block\">He has directed four short films: \u201cCorderos de Dios\/Lambs of God\u201d (1996),  \u201cEduardo Pel\u00e1ez\u201d (2001), \u201cMelod\u00edas T\u00f3xicas\/Toxic Melodies\u201d (2002), and \u201cEncuentro\/Encounter\u201d (2009). His work has been screened at festivals such as Montreal, Rotterdam, Los Angeles, Sao Paulo, Montpellier, Clermont-Ferrand, Miami, Palm Springs, etc., receiving several national and international awards.<\/p>\n<p><span> <\/span><\/p>\n<p class=\" translation-block\">He combines his professional work with teaching as a professor of Audiovisual Communication, and Advertising and Public Relations at the Complutense University of Madrid. In 2017, he founded his own film school, Makkers School, where two Master\u2019s programs in Production and Directing are taught, along with other courses. Over the years, he has alternated different roles in advertising, working as Production Manager, Assistant Director, and also as Director.<\/p>\n<p>&nbsp;<\/p>\n<p class=\" translation-block\">In 2014, the synopsis of the feature film project \u201cUN PASEO POR EL BORNE\/A WALK ALONG THE BORNE\u201d was selected by the Mediterranean International Film Festival of Montpellier (CINEMED), within its Projects in Development section.<\/p>\n<p>&nbsp;<\/p>\n<p style=\"text-align: justify;\" class=\" translation-block\">A few years later, he wrote the screenplay together with Elio Quiroga and Zebina Guerra, obtaining all possible institutional support in the Balearic Islands: ICIB (Govern de les Illes Balears), Fundaci\u00f3 Turisme Responsable de Mallorca (Consell de Mallorca), IB3 (Balearic autonomous television), etc. In 2023, filming took place, marking his first feature-length film as a director. \u201cA WALK ALONG THE BORNE\u201d was released in cinemas throughout Spain in 2024 and has received to date 40 awards at international festivals. It is currently available on Amazon Prime Video.<\/p>\n<p>[\/et_pb_text][\/et_pb_column][\/et_pb_row][\/et_pb_section]<\/p>","protected":false},"excerpt":{"rendered":"<p>NICK IGEAPalma de Mallorca, 1974. All\u00ed estudi\u00f3 Interpretaci\u00f3n Teatral en distintos centros y escuelas. En 1992 viaja a Madrid para realizar sus estudios universitarios e incorporarse a la Producci\u00f3n Cinematogr\u00e1fica. En 1997 se licencia en Comunicaci\u00f3n Audiovisual por la Universidad Complutense de Madrid. &nbsp; Ha dirigido cuatro cortometrajes:\u00a0\u201cCorderos de Dios\u201d\u00a0(1996),\u00a0\u201cEduardo Pel\u00e1ez\u201d\u00a0(2001),\u00a0\u201cMelod\u00edas T\u00f3xicas\u201d\u00a0(2002) y\u00a0\u201cEncuentro\u201d\u00a0(2009). Sus trabajos [&hellip;]<\/p>","protected":false},"author":1,"featured_media":0,"parent":0,"menu_order":0,"comment_status":"closed","ping_status":"closed","template":"","meta":{"_et_pb_use_builder":"on","_et_pb_old_content":"<!-- wp:divi\/placeholder \/-->","_et_gb_content_width":"","footnotes":""},"class_list":["post-25","page","type-page","status-publish","hentry"],"aioseo_notices":[],"_hostinger_reach_plugin_has_subscription_block":false,"_hostinger_reach_plugin_is_elementor":false,"_links":{"self":[{"href":"https:\/\/unpaseoporelborne.com\/en\/wp-json\/wp\/v2\/pages\/25","targetHints":{"allow":["GET"]}}],"collection":[{"href":"https:\/\/unpaseoporelborne.com\/en\/wp-json\/wp\/v2\/pages"}],"about":[{"href":"https:\/\/unpaseoporelborne.com\/en\/wp-json\/wp\/v2\/types\/page"}],"author":[{"embeddable":true,"href":"https:\/\/unpaseoporelborne.com\/en\/wp-json\/wp\/v2\/users\/1"}],"replies":[{"embeddable":true,"href":"https:\/\/unpaseoporelborne.com\/en\/wp-json\/wp\/v2\/comments?post=25"}],"version-history":[{"count":7,"href":"https:\/\/unpaseoporelborne.com\/en\/wp-json\/wp\/v2\/pages\/25\/revisions"}],"predecessor-version":[{"id":204,"href":"https:\/\/unpaseoporelborne.com\/en\/wp-json\/wp\/v2\/pages\/25\/revisions\/204"}],"wp:attachment":[{"href":"https:\/\/unpaseoporelborne.com\/en\/wp-json\/wp\/v2\/media?parent=25"}],"curies":[{"name":"wp","href":"https:\/\/api.w.org\/{rel}","templated":true}]}}